{"id":173,"date":"2017-05-30T21:17:51","date_gmt":"2017-05-30T19:17:51","guid":{"rendered":"http:\/\/agatawalczak.pl\/?page_id=173"},"modified":"2018-11-16T09:44:00","modified_gmt":"2018-11-16T08:44:00","slug":"materialy-edukacyjne","status":"publish","type":"page","link":"https:\/\/www.agatawalczak.pl\/?page_id=173&lang=pl","title":{"rendered":"Materia\u0142y edukacyjne"},"content":{"rendered":"<p>Polecam lektur\u0119.<\/p>\n<p>&nbsp;<\/p>\n<p><em><a href=\"http:\/\/agatawalczak.pl\/wp-content\/uploads\/2017\/05\/Autodiagnoza-uzale\u017cnienia-od-alkoholu.doc\">Autodiagnoza uzale\u017cnienia od alkoholu<\/a><\/em><\/p>\n<p><em><a href=\"http:\/\/agatawalczak.pl\/wp-content\/uploads\/2017\/05\/Choroba-afektywna-dwubiegunowa.pdf\">Choroba afektywna dwubiegunowa<\/a><\/em><\/p>\n<p><em><a href=\"http:\/\/agatawalczak.pl\/wp-content\/uploads\/2017\/05\/OCD.pdf\">OCD<\/a><\/em><\/p>\n<p><em>Poradnik dla os\u00f3b choruj\u0105cych na CHAD <a href=\"http:\/\/www.centrumpsychiatrii.eu\/dlapacjenta\/dlapacjenta6.html\">http:\/\/www.centrumpsychiatrii.eu\/dlapacjenta\/dlapacjenta6.html<\/a><\/em><\/p>\n<p><em>O wsp\u00f3\u0142uzale\u017cnieniu \u00a0 \u00a0\u00a0<a href=\"http:\/\/www.psychotekst.com\/artykuly.php?nr=50\">http:\/\/www.psychotekst.com\/artykuly.php?nr=50<\/a><\/em><\/p>\n<p>&nbsp;<\/p>\n<p><strong>\u0106wiczenia pami\u0119ci<\/strong><\/p>\n<p><a href=\"http:\/\/agatawalczak.pl\/wp-content\/uploads\/2017\/05\/CwiczeniapamieciDzienniakI.pdf\">Trening zeszyt 1<\/a><\/p>\n<p><a href=\"http:\/\/agatawalczak.pl\/wp-content\/uploads\/2017\/05\/CwiczeniadzienniakII.pdf\">Trening Zeszyt 2<\/a><\/p>\n<p><a href=\"http:\/\/agatawalczak.pl\/wp-content\/uploads\/2017\/05\/cwiczeniapamieciKlich.pdf\">Trening zeszyt 3<\/a><\/p>\n<p><a href=\"http:\/\/agatawalczak.pl\/wp-content\/uploads\/2017\/05\/Trening-depresja.pdf\">Trening pami\u0119ci w depresji<\/a><\/p>\n<p>&nbsp;<\/p>\n","protected":false},"excerpt":{"rendered":"<p>Polecam lektur\u0119. &nbsp; Autodiagnoza uzale\u017cnienia od alkoholu Choroba afektywna dwubiegunowa OCD Poradnik dla os\u00f3b choruj\u0105cych na CHAD http:\/\/www.centrumpsychiatrii.eu\/dlapacjenta\/dlapacjenta6.html O wsp\u00f3\u0142uzale\u017cnieniu \u00a0 \u00a0\u00a0http:\/\/www.psychotekst.com\/artykuly.php?nr=50 &nbsp; \u0106wiczenia pami\u0119ci Trening zeszyt 1 Trening Zeszyt 2 Trening zeszyt 3 Trening pami\u0119ci w depresji &nbsp;<\/p>\n","protected":false},"author":1,"featured_media":0,"parent":0,"menu_order":0,"comment_status":"closed","ping_status":"closed","template":"","meta":{"footnotes":""},"class_list":["post-173","page","type-page","status-publish","hentry"],"_links":{"self":[{"href":"https:\/\/www.agatawalczak.pl\/index.php?rest_route=\/wp\/v2\/pages\/173","targetHints":{"allow":["GET"]}}],"collection":[{"href":"https:\/\/www.agatawalczak.pl\/index.php?rest_route=\/wp\/v2\/pages"}],"about":[{"href":"https:\/\/www.agatawalczak.pl\/index.php?rest_route=\/wp\/v2\/types\/page"}],"author":[{"embeddable":true,"href":"https:\/\/www.agatawalczak.pl\/index.php?rest_route=\/wp\/v2\/users\/1"}],"replies":[{"embeddable":true,"href":"https:\/\/www.agatawalczak.pl\/index.php?rest_route=%2Fwp%2Fv2%2Fcomments&post=173"}],"version-history":[{"count":9,"href":"https:\/\/www.agatawalczak.pl\/index.php?rest_route=\/wp\/v2\/pages\/173\/revisions"}],"predecessor-version":[{"id":211,"href":"https:\/\/www.agatawalczak.pl\/index.php?rest_route=\/wp\/v2\/pages\/173\/revisions\/211"}],"wp:attachment":[{"href":"https:\/\/www.agatawalczak.pl\/index.php?rest_route=%2Fwp%2Fv2%2Fmedia&parent=173"}],"curies":[{"name":"wp","href":"https:\/\/api.w.org\/{rel}","templated":true}]}}