{"id":128,"date":"2017-04-27T22:49:53","date_gmt":"2017-04-27T20:49:53","guid":{"rendered":"http:\/\/localhost\/wordpress\/?page_id=4"},"modified":"2025-09-29T09:15:59","modified_gmt":"2025-09-29T07:15:59","slug":"strona-glowna","status":"publish","type":"page","link":"https:\/\/www.agatawalczak.pl\/?page_id=128&lang=pl","title":{"rendered":"Strona g\u0142\u00f3wna"},"content":{"rendered":"\r\n<p>Na pierwsz\u0105 wizyt\u0119 u mnie prosz\u0119 rezerwowa\u0107 godzin\u0119, tzn dwie wizyty p\u00f3\u0142godzinne.\u00a0<\/p>\r\n<p>&nbsp;<\/p>\r\n<p>W obecnych czasach coraz trudniej jest zachowa\u0107 wewn\u0119trzny spok\u00f3j i poczucie bezpiecze\u0144stwa.<\/p>\r\n\r\n\r\n\r\n<p>Niestety nadal istnieje stereotypowe i krzywdz\u0105ce wyobra\u017cenie o leczeniu psychiatrycznym. Uznawane jest jako co\u015b wstydliwego, stygmatyzuj\u0105cego, \u00a0wykluczaj\u0105cego ze spo\u0142ecze\u0144stwa. \u00a0\u00a0Istnieje r\u00f3wnie\u017c du\u017cy l\u0119k przed niezrozumieniem, ocen\u0105 oraz krytyk\u0105 ze strony lekarza psychiatry. Obawy te skutkuj\u0105 zwlekaniem z podj\u0119ciem terapii, co nieraz skutkuje nasileniem si\u0119 dolegliwo\u015bci oraz wyd\u0142u\u017ceniem trudnego do zniesienia cierpienia.<\/p>\r\n\r\n\r\n\r\n<p>Je\u015bli czujecie Pa\u0144stwo, \u017ce Wasze samopoczucie zmieni\u0142o si\u0119 tak, i\u017c utrudnia Wam codzienne funkcjonowanie w \u017cyciu rodzinnym, zawodowym, czy spo\u0142ecznym, nie zwlekajcie ze zg\u0142oszeniem si\u0119 po fachow\u0105 pomoc.<\/p>\r\n\r\n\r\n\r\n<p>W trakcie spotkania staram si\u0119, aby stworzy\u0107 szczer\u0105 i opart\u0105 na wzajemnym zaufaniu relacj\u0119, gdy\u017c tylko uzyskawszy Pa\u0144stwa zaufanie b\u0119d\u0119 w stanie prawid\u0142owo \u00a0okre\u015bli\u0107 charakter oraz stopie\u0144 nasilenia problem\u00f3w oraz znale\u017a\u0107 skuteczne rozwi\u0105zanie.<\/p>\r\n\r\n\r\n\r\n<p>Zajmuj\u0119 si\u0119 leczeniem za pomoc\u0105 farmakoterapii oraz psychoterapii \u00a0zaburze\u0144 nastroju, zar\u00f3wno depresyjnych jak i afektywnych dwubiegunowych, zaburze\u0144 l\u0119kowych, zaburze\u0144 snu, schizofrenii, uzale\u017cnie\u0144, zaburze\u0144 somatogennych, \u00a0a tak\u017ce zaburze\u0144 zwi\u0105zanych z procesem starzenia. Kr\u00f3tko m\u00f3wi\u0105c: wszelkich zaburze\u0144 przynosz\u0105cych cierpienie psychiczne.<\/p>\r\n\r\n\r\n\r\n<p>Serdecznie zapraszam do prowadzonego przeze mnie gabinetu.<\/p>\r\n\r\n\r\n\r\n\r\n\r\n<p>&nbsp;<\/p>\r\n","protected":false},"excerpt":{"rendered":"<p>Na pierwsz\u0105 wizyt\u0119 u mnie prosz\u0119 rezerwowa\u0107 godzin\u0119, tzn dwie wizyty p\u00f3\u0142godzinne.\u00a0 &nbsp; W obecnych czasach coraz trudniej jest zachowa\u0107 wewn\u0119trzny spok\u00f3j i poczucie bezpiecze\u0144stwa. Niestety nadal istnieje stereotypowe i krzywdz\u0105ce wyobra\u017cenie o leczeniu psychiatrycznym. Uznawane jest jako co\u015b wstydliwego, stygmatyzuj\u0105cego, \u00a0wykluczaj\u0105cego ze spo\u0142ecze\u0144stwa. \u00a0\u00a0Istnieje r\u00f3wnie\u017c du\u017cy l\u0119k przed niezrozumieniem, ocen\u0105 oraz krytyk\u0105 ze strony &hellip; <\/p>\n<p class=\"link-more\"><a href=\"https:\/\/www.agatawalczak.pl\/?page_id=128&#038;lang=pl\" class=\"more-link\">Czytaj dalej<span class=\"screen-reader-text\"> \u201eStrona g\u0142\u00f3wna\u201d<\/span><\/a><\/p>\n","protected":false},"author":1,"featured_media":0,"parent":0,"menu_order":0,"comment_status":"closed","ping_status":"closed","template":"","meta":{"footnotes":""},"class_list":["post-128","page","type-page","status-publish","hentry"],"_links":{"self":[{"href":"https:\/\/www.agatawalczak.pl\/index.php?rest_route=\/wp\/v2\/pages\/128","targetHints":{"allow":["GET"]}}],"collection":[{"href":"https:\/\/www.agatawalczak.pl\/index.php?rest_route=\/wp\/v2\/pages"}],"about":[{"href":"https:\/\/www.agatawalczak.pl\/index.php?rest_route=\/wp\/v2\/types\/page"}],"author":[{"embeddable":true,"href":"https:\/\/www.agatawalczak.pl\/index.php?rest_route=\/wp\/v2\/users\/1"}],"replies":[{"embeddable":true,"href":"https:\/\/www.agatawalczak.pl\/index.php?rest_route=%2Fwp%2Fv2%2Fcomments&post=128"}],"version-history":[{"count":8,"href":"https:\/\/www.agatawalczak.pl\/index.php?rest_route=\/wp\/v2\/pages\/128\/revisions"}],"predecessor-version":[{"id":383,"href":"https:\/\/www.agatawalczak.pl\/index.php?rest_route=\/wp\/v2\/pages\/128\/revisions\/383"}],"wp:attachment":[{"href":"https:\/\/www.agatawalczak.pl\/index.php?rest_route=%2Fwp%2Fv2%2Fmedia&parent=128"}],"curies":[{"name":"wp","href":"https:\/\/api.w.org\/{rel}","templated":true}]}}